{"id":3805,"date":"2026-04-23T07:09:43","date_gmt":"2025-10-05T12:14:34","guid":{"rendered":"https:\/\/pancopetpansiyon.algibilisim.com\/?page_id=3805"},"modified":"2026-04-26T09:24:22","modified_gmt":"2026-04-26T09:24:22","slug":"antalya-kepez-kedi-konaklama","status":"publish","type":"page","link":"https:\/\/pancopetpansiyon.com.tr\/?page_id=3805","title":{"rendered":"Kedi Konaklama"},"content":{"rendered":"\t\t<div data-elementor-type=\"wp-page\" data-elementor-id=\"3805\" class=\"elementor elementor-3805\">\n\t\t\t\t<div class=\"elementor-element elementor-element-a29b509 bg-smoke2 e-flex e-con-boxed e-con e-parent\" data-id=\"a29b509\" data-element_type=\"container\" data-e-type=\"container\" data-settings=\"{&quot;background_background&quot;:&quot;classic&quot;}\">\n\t\t\t\t\t<div class=\"e-con-inner\">\n\t\t<div class=\"elementor-element elementor-element-2e069df e-con-full e-flex e-con e-child\" data-id=\"2e069df\" data-element_type=\"container\" data-e-type=\"container\">\n\t\t<div class=\"elementor-element elementor-element-f713652 e-con-full page-single e-flex e-con e-child\" data-id=\"f713652\" data-element_type=\"container\" data-e-type=\"container\">\n\t\t\t\t<div class=\"elementor-element elementor-element-b9aa0be elementor-widget elementor-widget-babetimage\" data-id=\"b9aa0be\" data-element_type=\"widget\" data-e-type=\"widget\" data-widget_type=\"babetimage.default\">\n\t\t\t\t<div class=\"elementor-widget-container\">\n\t\t\t\t\t<!-- Image --><div class=\"custom_css_handelar page-img gsap-parallax mb-25\" data-cue=\"slideInUp\"><img decoding=\"async\" class=\"\" src=\"https:\/\/pancopetpansiyon.com.tr\/wp-content\/uploads\/2026\/04\/kedikonaklama.jpg\" alt=\"kedikonaklama\" ><\/div><!-- End Image -->\t\t\t\t<\/div>\n\t\t\t\t<\/div>\n\t\t\t\t<div class=\"elementor-element elementor-element-dcb03fc elementor-widget elementor-widget-text-editor\" data-id=\"dcb03fc\" data-element_type=\"widget\" data-e-type=\"widget\" data-widget_type=\"text-editor.default\">\n\t\t\t\t\t\t\t\t\t<h3 class=\"mb-3\">Panco Pet Kedi Konaklama Hizmeti<\/h3><p class=\"mb-4\">Sevimli dostunuz s\u0131radan bir yerde de\u011fil, konforun ve \u00f6zenin en \u00fcst seviyede oldu\u011fu bir ortamda a\u011f\u0131rlanmay\u0131 hak eder. Panco Pet olarak, kedinizin sadece konaklamas\u0131n\u0131 de\u011fil; huzurunu, g\u00fcvenini ve mutlulu\u011funu garanti alt\u0131na al\u0131yoruz.<br \/><br \/>\u00d6zel olarak tasarlanm\u0131\u015f ferah ya\u015fam alanlar\u0131m\u0131z, hijyen standartlar\u0131na uygun d\u00fczenli temizlik s\u00fcre\u00e7lerimiz ve her kediye \u00f6zel ilgi yakla\u015f\u0131m\u0131m\u0131z ile fark yarat\u0131yoruz. Burada her misafirimiz bir \u201cm\u00fc\u015fteri\u201d de\u011fil, ailenin de\u011ferli bir par\u00e7as\u0131d\u0131r.<\/p><div class=\"checklist list-two-column style2 sv-details mb-30\"><ul><li>Bireysel ya\u015fam alanlar\u0131 ile stressiz konaklama<\/li><li>G\u00fcnl\u00fck oyun ve ilgi program\u0131<\/li><li>D\u00fczenli beslenme ve takip<\/li><li>7\/24 g\u00f6zetim ve g\u00fcvenlik<\/li><li>Sevgi dolu, profesyonel bak\u0131m<\/li><\/ul><\/div>\t\t\t\t\t\t\t\t<\/div>\n\t\t\t\t<div class=\"elementor-element elementor-element-ff577fd elementor-widget elementor-widget-text-editor\" data-id=\"ff577fd\" data-element_type=\"widget\" data-e-type=\"widget\" data-widget_type=\"text-editor.default\">\n\t\t\t\t\t\t\t\t\t<div class=\"page-img-wrap mt-40\">\n<div class=\"row\">\n<div class=\"col-md-6\">\n<div class=\"page-img radius-20\"><img decoding=\"async\" src=\"https:\/\/pancopetpansiyon.com.tr\/wp-content\/uploads\/2026\/04\/kedioda.jpg\" alt=\"img\" \/><\/div>\n<\/div>\n<div class=\"col-md-6\">\n<div class=\"page-img radius-20\"><img decoding=\"async\" src=\"https:\/\/pancopetpansiyon.com.tr\/wp-content\/uploads\/2026\/04\/kedioda1.jpg\" alt=\"img\" \/><\/div>\n\n<\/div><div class=\"col-md-6\">\n<div class=\"page-img radius-20\"><img decoding=\"async\" src=\"https:\/\/pancopetpansiyon.com.tr\/wp-content\/uploads\/2026\/04\/kedioda3.jpg\" alt=\"img\" \/><\/div><\/div><div class=\"col-md-6\">\n<div class=\"page-img radius-20\"><img decoding=\"async\" src=\"https:\/\/pancopetpansiyon.com.tr\/wp-content\/uploads\/2026\/04\/kedioda2.jpg\" alt=\"img\" \/><\/div>\n<\/div>\n<\/div>\t\t\t\t\t\t\t\t<\/div>\n\t\t\t\t<\/div>\n\t\t\t\t<\/div>\n\t\t\t\t\t<\/div>\n\t\t\t\t<\/div>\n\t\t\t\t<\/div>\n\t\t","protected":false},"excerpt":{"rendered":"<p>Panco Pet Kedi Konaklama Hizmeti Sevimli dostunuz s\u0131radan bir yerde de\u011fil, konforun ve \u00f6zenin en \u00fcst seviyede oldu\u011fu bir ortamda a\u011f\u0131rlanmay\u0131 hak eder. Panco Pet olarak, kedinizin sadece konaklamas\u0131n\u0131 de\u011fil; huzurunu, g\u00fcvenini ve mutlulu\u011funu garanti alt\u0131na al\u0131yoruz. \u00d6zel olarak tasarlanm\u0131\u015f ferah ya\u015fam alanlar\u0131m\u0131z, hijyen standartlar\u0131na uygun d\u00fczenli temizlik s\u00fcre\u00e7lerimiz ve her kediye \u00f6zel ilgi yakla\u015f\u0131m\u0131m\u0131z&#8230;<\/p>\n","protected":false},"author":1,"featured_media":0,"parent":0,"menu_order":0,"comment_status":"closed","ping_status":"closed","template":"template-builder.php","meta":{"om_disable_all_campaigns":false,"_monsterinsights_skip_tracking":false,"_monsterinsights_sitenote_active":false,"_monsterinsights_sitenote_note":"","_monsterinsights_sitenote_category":0,"footnotes":""},"class_list":["post-3805","page","type-page","status-publish","hentry"],"aioseo_notices":[],"_links":{"self":[{"href":"https:\/\/pancopetpansiyon.com.tr\/index.php?rest_route=\/wp\/v2\/pages\/3805","targetHints":{"allow":["GET"]}}],"collection":[{"href":"https:\/\/pancopetpansiyon.com.tr\/index.php?rest_route=\/wp\/v2\/pages"}],"about":[{"href":"https:\/\/pancopetpansiyon.com.tr\/index.php?rest_route=\/wp\/v2\/types\/page"}],"author":[{"embeddable":true,"href":"https:\/\/pancopetpansiyon.com.tr\/index.php?rest_route=\/wp\/v2\/users\/1"}],"replies":[{"embeddable":true,"href":"https:\/\/pancopetpansiyon.com.tr\/index.php?rest_route=%2Fwp%2Fv2%2Fcomments&post=3805"}],"version-history":[{"count":7,"href":"https:\/\/pancopetpansiyon.com.tr\/index.php?rest_route=\/wp\/v2\/pages\/3805\/revisions"}],"predecessor-version":[{"id":3961,"href":"https:\/\/pancopetpansiyon.com.tr\/index.php?rest_route=\/wp\/v2\/pages\/3805\/revisions\/3961"}],"wp:attachment":[{"href":"https:\/\/pancopetpansiyon.com.tr\/index.php?rest_route=%2Fwp%2Fv2%2Fmedia&parent=3805"}],"curies":[{"name":"wp","href":"https:\/\/api.w.org\/{rel}","templated":true}]}}