{"id":2052,"date":"2025-10-05T12:14:34","date_gmt":"2025-10-05T12:14:34","guid":{"rendered":"https:\/\/wordpress.themehour.net\/babet\/?page_id=2052"},"modified":"2026-04-26T09:31:08","modified_gmt":"2026-04-26T09:31:08","slug":"antalya-kepez-kopek-konaklama","status":"publish","type":"page","link":"https:\/\/pancopetpansiyon.com.tr\/?page_id=2052","title":{"rendered":"K\u00f6pek Konaklama"},"content":{"rendered":"\t\t<div data-elementor-type=\"wp-page\" data-elementor-id=\"2052\" class=\"elementor elementor-2052\">\n\t\t\t\t<div class=\"elementor-element elementor-element-522fe0c bg-smoke2 e-flex e-con-boxed e-con e-parent\" data-id=\"522fe0c\" data-element_type=\"container\" data-e-type=\"container\" data-settings=\"{&quot;background_background&quot;:&quot;classic&quot;}\">\n\t\t\t\t\t<div class=\"e-con-inner\">\n\t\t<div class=\"elementor-element elementor-element-09bb3ce e-con-full e-flex e-con e-child\" data-id=\"09bb3ce\" data-element_type=\"container\" data-e-type=\"container\">\n\t\t<div class=\"elementor-element elementor-element-ef5bc2a e-con-full page-single e-flex e-con e-child\" data-id=\"ef5bc2a\" data-element_type=\"container\" data-e-type=\"container\">\n\t\t\t\t<div class=\"elementor-element elementor-element-da2892d elementor-widget elementor-widget-babetimage\" data-id=\"da2892d\" data-element_type=\"widget\" data-e-type=\"widget\" data-widget_type=\"babetimage.default\">\n\t\t\t\t<div class=\"elementor-widget-container\">\n\t\t\t\t\t<!-- Image --><div class=\"custom_css_handelar page-img gsap-parallax mb-25\" data-cue=\"slideInUp\"><img decoding=\"async\" class=\"\" src=\"https:\/\/pancopetpansiyon.com.tr\/wp-content\/uploads\/2026\/04\/20260215_095428.jpg\" alt=\"20260215_095428\" ><\/div><!-- End Image -->\t\t\t\t<\/div>\n\t\t\t\t<\/div>\n\t\t\t\t<div class=\"elementor-element elementor-element-8b028e4 elementor-widget elementor-widget-text-editor\" data-id=\"8b028e4\" data-element_type=\"widget\" data-e-type=\"widget\" data-widget_type=\"text-editor.default\">\n\t\t\t\t\t\t\t\t\t<h3 class=\"mb-3\">Panco Pet K\u00f6pek Konaklama Hizmeti<\/h3><p class=\"mb-4\">Sevimli dostlar\u0131n\u0131z i\u00e7in g\u00fcvenli, konforlu ve sevgi dolu bir konaklama deneyimi sunuyoruz. Panco Pet olarak, k\u00f6peklerinizin sadece bar\u0131nmas\u0131n\u0131 de\u011fil; mutlu, huzurlu ve sa\u011fl\u0131kl\u0131 bir \u015fekilde vakit ge\u00e7irmesini \u00f6nceli\u011fimiz haline getiriyoruz.<br \/>Alan\u0131nda deneyimli ekibimizle her misafirimize \u00f6zel ilgi g\u00f6steriyor, onlar\u0131n al\u0131\u015fkanl\u0131klar\u0131n\u0131 ve ihtiya\u00e7lar\u0131n\u0131 dikkate alarak birebir bak\u0131m sa\u011fl\u0131yoruz. G\u00fcnl\u00fck d\u00fczenli y\u00fcr\u00fcy\u00fc\u015fler, oyun saatleri ve hijyenik ya\u015fam alanlar\u0131 ile dostlar\u0131n\u0131z kendini evinde hisseder.<\/p><div class=\"checklist list-two-column style2 sv-details mb-30\"><ul><li>Geni\u015f ve temiz konaklama alanlar\u0131<\/li><li>G\u00fcnl\u00fck egzersiz ve oyun aktiviteleri<\/li><li>D\u00fczenli beslenme ve takip<\/li><li>7\/24 g\u00f6zetim ve g\u00fcvenlik<\/li><li>Sevgi dolu, profesyonel bak\u0131m<\/li><\/ul><\/div>\t\t\t\t\t\t\t\t<\/div>\n\t\t\t\t<div class=\"elementor-element elementor-element-2c8d435 elementor-widget elementor-widget-text-editor\" data-id=\"2c8d435\" data-element_type=\"widget\" data-e-type=\"widget\" data-widget_type=\"text-editor.default\">\n\t\t\t\t\t\t\t\t\t<div class=\"page-img-wrap mt-40\">\n<div class=\"row\">\n<div class=\"col-md-6\">\n<div class=\"page-img radius-20\"><img decoding=\"async\" src=\"https:\/\/pancopetpansiyon.com.tr\/wp-content\/uploads\/2026\/04\/gece1.jpeg\" alt=\"img\" \/><\/div>\n<\/div>\n<div class=\"col-md-6\">\n<div class=\"page-img radius-20\"><img decoding=\"async\" src=\"https:\/\/pancopetpansiyon.com.tr\/wp-content\/uploads\/2026\/04\/gece2.jpeg \" alt=\"img\" \/><\/div>\n<\/div>\n<\/div>\n<\/div>\t\t\t\t\t\t\t\t<\/div>\n\t\t\t\t<\/div>\n\t\t\t\t<\/div>\n\t\t\t\t\t<\/div>\n\t\t\t\t<\/div>\n\t\t\t\t<\/div>\n\t\t","protected":false},"excerpt":{"rendered":"<p>Panco Pet K\u00f6pek Konaklama Hizmeti Sevimli dostlar\u0131n\u0131z i\u00e7in g\u00fcvenli, konforlu ve sevgi dolu bir konaklama deneyimi sunuyoruz. Panco Pet olarak, k\u00f6peklerinizin sadece bar\u0131nmas\u0131n\u0131 de\u011fil; mutlu, huzurlu ve sa\u011fl\u0131kl\u0131 bir \u015fekilde vakit ge\u00e7irmesini \u00f6nceli\u011fimiz haline getiriyoruz.Alan\u0131nda deneyimli ekibimizle her misafirimize \u00f6zel ilgi g\u00f6steriyor, onlar\u0131n al\u0131\u015fkanl\u0131klar\u0131n\u0131 ve ihtiya\u00e7lar\u0131n\u0131 dikkate alarak birebir bak\u0131m sa\u011fl\u0131yoruz. G\u00fcnl\u00fck d\u00fczenli y\u00fcr\u00fcy\u00fc\u015fler, oyun&#8230;<\/p>\n","protected":false},"author":1,"featured_media":0,"parent":0,"menu_order":0,"comment_status":"closed","ping_status":"closed","template":"template-builder.php","meta":{"om_disable_all_campaigns":false,"_monsterinsights_skip_tracking":false,"_monsterinsights_sitenote_active":false,"_monsterinsights_sitenote_note":"","_monsterinsights_sitenote_category":0,"footnotes":""},"class_list":["post-2052","page","type-page","status-publish","hentry"],"aioseo_notices":[],"_links":{"self":[{"href":"https:\/\/pancopetpansiyon.com.tr\/index.php?rest_route=\/wp\/v2\/pages\/2052","targetHints":{"allow":["GET"]}}],"collection":[{"href":"https:\/\/pancopetpansiyon.com.tr\/index.php?rest_route=\/wp\/v2\/pages"}],"about":[{"href":"https:\/\/pancopetpansiyon.com.tr\/index.php?rest_route=\/wp\/v2\/types\/page"}],"author":[{"embeddable":true,"href":"https:\/\/pancopetpansiyon.com.tr\/index.php?rest_route=\/wp\/v2\/users\/1"}],"replies":[{"embeddable":true,"href":"https:\/\/pancopetpansiyon.com.tr\/index.php?rest_route=%2Fwp%2Fv2%2Fcomments&post=2052"}],"version-history":[{"count":11,"href":"https:\/\/pancopetpansiyon.com.tr\/index.php?rest_route=\/wp\/v2\/pages\/2052\/revisions"}],"predecessor-version":[{"id":3972,"href":"https:\/\/pancopetpansiyon.com.tr\/index.php?rest_route=\/wp\/v2\/pages\/2052\/revisions\/3972"}],"wp:attachment":[{"href":"https:\/\/pancopetpansiyon.com.tr\/index.php?rest_route=%2Fwp%2Fv2%2Fmedia&parent=2052"}],"curies":[{"name":"wp","href":"https:\/\/api.w.org\/{rel}","templated":true}]}}